{"id":579,"date":"2018-03-27T14:09:56","date_gmt":"2018-03-27T14:09:56","guid":{"rendered":"http:\/\/kvell.edge-themes.com\/?page_id=579"},"modified":"2021-08-16T15:31:48","modified_gmt":"2021-08-16T13:31:48","slug":"split-slider-showcase","status":"publish","type":"page","link":"https:\/\/www.christakranzl.at\/kmu\/","title":{"rendered":"KMU Chefseminare &#8211; Christa Kranzl"},"content":{"rendered":"<p>[vc_row css=&#8220;.vc_custom_1522160625899{margin-top: 0px !important;padding-top: 0px !important;}&#8220;][vc_column]<div class=\"edgtf-vertical-split-slider \"><div class=\"edgtf-vss-ms-right\"><div class=\"edgtf-vss-ms-section\" data-header-style=\"light\" style=\"background-image: url(https:\/\/www.christakranzl.at\/kmu\/wp-content\/uploads\/2019\/04\/WF183932.jpg);text-align: left\">\n\t<\/div><div class=\"edgtf-vss-ms-section\" data-header-style=\"dark\" style=\"text-align: left\">\n\t<div class=\"edgtf-elements-holder   edgtf-one-column  edgtf-responsive-mode-768 \" ><div class=\"edgtf-eh-item     \"  data-item-class=\"edgtf-eh-custom-5681\" data-1366-1600=\"0px 18% 32px 11%\" data-1024-1366=\"0px 18% 32px 11%\" data-768-1024=\"27px 12% 0px\" data-680=\"0px 12% 150px\">\n\t<div class=\"edgtf-eh-item-inner\">\n\t\t<div class=\"edgtf-eh-item-content edgtf-eh-custom-5681\" style=\"padding: 0px 15% 0px 15%\">\n\t\t\t[vc_column_text]<\/p>\n<h2 class=\"headerfont\" style=\"color: #333;\">seminarleitung<\/h2>\n<p>Das KMU-Chefseminar wurde 2014 speziell f\u00fcr Betriebsinhaber und deren F\u00fchrungskr\u00e4fte konzipiert. Die wichtigsten Werkzeuge f\u00fcr erfolgreiches, unternehmerisches Handeln werden dabei den Teilnehmern verst\u00e4ndlich, kompakt und praxisnah vermittelt.<br \/>\nViel Raum wird der Diskussion und pers\u00f6nlichen Fragen gegeben. Individuelle betriebliche Probleme werden gemeinsam analysiert und L\u00f6sungsm\u00f6glichkeiten erarbeitet.[\/vc_column_text][vc_empty_space height=&#8220;20&#8243;][vc_single_image image=&#8220;2811&#8243; onclick=&#8220;custom_link&#8220; img_link_target=&#8220;_blank&#8220; el_class=&#8220;.book-thumbnail sichtbar&#8220; link=&#8220;http:\/\/www.christakranzl.at\/kmu\/wp-content\/uploads\/2019\/04\/NEU-KMU-Broschu\u0308re-M\u00e4rz-2019.pdf&#8220;][vc_empty_space height=&#8220;40px&#8220;]\t\t<\/div>\n\t<\/div>\n<\/div><\/div><\/div><\/div><div class=\"edgtf-vss-ms-left\"><div class=\"edgtf-vss-ms-section\" data-header-style=\"light\" style=\"text-align: left\">\n\t<div class=\"edgtf-elements-holder   edgtf-one-column  edgtf-responsive-mode-768 \" ><div class=\"edgtf-eh-item     \"  data-item-class=\"edgtf-eh-custom-6249\" data-1024-1366=\"3px 14% 0px 16%\" data-768-1024=\"27px 27% 0px 26%\" data-680=\"0px 0% 0px 3%\">\n\t<div class=\"edgtf-eh-item-inner\">\n\t\t<div class=\"edgtf-eh-item-content edgtf-eh-custom-6249\" style=\"padding: 0px 15% 0px 15%\">\n\t\t\t[vc_column_text]<\/p>\n<h2 class=\"headerfont\" style=\"color: #333;\">KMU Chefseminar<\/h2>\n<h3 class=\"headerfont2\" style=\"color: #333;\">Termine<\/h3>\n<p>[\/vc_column_text][vc_empty_space height=&#8220;24px&#8220;][vc_column_text]<\/p>\n<ul>\n<li><strong>15.-16.10.2019<\/strong><\/li>\n<li><strong>26.-27.11.2019<\/strong><\/li>\n<\/ul>\n<p>[\/vc_column_text][vc_column_text]<strong>Termine 1. Hj.2020:<\/strong><\/p>\n<ul>\n<li>19.-20.02.2020<\/li>\n<li>25.-26.03.2020<\/li>\n<li>21.-22.04.2020<\/li>\n<li>27.-28.05.2020<\/li>\n<li>24.-25.06.2020<\/li>\n<\/ul>\n<p>[\/vc_column_text][vc_empty_space height=&#8220;30px&#8220;]<div class=\"vckit-btn-container vckit-btn-inline\"><a class=\"vckit-btn button--winona button--size-s button--text-thin button--border-thin button--round-s vckit_custom_class_85ce551848a7e1\" href=\"https:\/\/www.christakranzl.at\/kmu\/wp-content\/uploads\/2019\/04\/anmeldung.pdf\" title=\"Anmeldung\" target=\"_blank\" data-text=\"Info\/Anmeldung\"><span>Info\/Anmeldung<\/span><\/a><\/div>\n<style type=\"text\/css\" data-type=\"vckit-shortcode-css\" data-shortcode=\"vckit_button\">.vckit-btn.vckit_custom_class_85ce551848a7e1 { color: #ffffff}.vckit-btn.vckit_custom_class_85ce551848a7e1:hover { color: #ffffff}.vckit-btn.vckit_custom_class_85ce551848a7e1:after { color: #ffffff}.vckit-btn.vckit_custom_class_85ce551848a7e1 { background-color: #f1ab3d}.vckit-btn.vckit_custom_class_85ce551848a7e1:hover { background-color: #333333}<\/style><div class=\"vckit-btn-container vckit-btn-inline\"><button class=\"vckit-btn button--winona button--size-s button--text-thin button--border-thin button--round-s vckit_custom_class_95cc7e7a3349d4\" data-lightbox=\"lightbox\" href=\"#anfrage\" data-text=\"Anfrage senden\"><span>Anfrage senden<\/span><\/button><\/div>\n<style type=\"text\/css\" data-type=\"vckit-shortcode-css\" data-shortcode=\"vckit_button\">.vckit-btn.vckit_custom_class_95cc7e7a3349d4 { color: #ffffff}.vckit-btn.vckit_custom_class_95cc7e7a3349d4:hover { color: #ffffff}.vckit-btn.vckit_custom_class_95cc7e7a3349d4:after { color: #ffffff}.vckit-btn.vckit_custom_class_95cc7e7a3349d4 { background-color: #f1ab3d}.vckit-btn.vckit_custom_class_95cc7e7a3349d4:hover { background-color: #333333}<\/style><div\n  class=\"vckit-lightbox vckit-lightbox-size--medium mfp-hide vckit_custom_class_85cc06dbbe9a2f  \"\n  id=\"anfrage\">\n\n<div class=\"vckit-contact vckit-contact-basic vckit_custom_class_95ce5516046879 \">\n    \n<div class=\"wpcf7 no-js\" id=\"wpcf7-f2764-o1\" lang=\"de-DE\" dir=\"ltr\">\n<div class=\"screen-reader-response\"><p role=\"status\" aria-live=\"polite\" aria-atomic=\"true\"><\/p> <ul><\/ul><\/div>\n<form action=\"\/kmu\/wp-json\/wp\/v2\/pages\/579#wpcf7-f2764-o1\" method=\"post\" class=\"wpcf7-form init\" aria-label=\"Kontaktformular\" novalidate=\"novalidate\" data-status=\"init\">\n<div style=\"display: none;\">\n<input type=\"hidden\" name=\"_wpcf7\" value=\"2764\" \/>\n<input type=\"hidden\" name=\"_wpcf7_version\" value=\"5.7.7\" \/>\n<input type=\"hidden\" name=\"_wpcf7_locale\" value=\"de_DE\" \/>\n<input type=\"hidden\" name=\"_wpcf7_unit_tag\" value=\"wpcf7-f2764-o1\" \/>\n<input type=\"hidden\" name=\"_wpcf7_container_post\" value=\"0\" \/>\n<input type=\"hidden\" name=\"_wpcf7_posted_data_hash\" value=\"\" \/>\n<input type=\"hidden\" name=\"_wpcf7_recaptcha_response\" value=\"\" \/>\n<\/div>\n<div class=\"vc_row\">\n\t<div class=\"vc_col-md-12\">\n\t\t<h4>Unverbindliche Anfrage:\n\t\t<\/h4>\n\t<\/div>\n<\/div>\n<div class=\"vc_row\">\n\t<div class=\"vc_col-md-6\">\n\t\t<p><span class=\"vckit-input\">\n<span class=\"wpcf7-form-control-wrap\" data-name=\"your-name\"><input size=\"40\" class=\"wpcf7-form-control wpcf7-text wpcf7-validates-as-required vckit-input__field\" aria-required=\"true\" aria-invalid=\"false\" value=\"\" type=\"text\" name=\"your-name\" \/><\/span>\n<label class=\"vckit-input__label\" for=\"your-name\">\n<span class=\"vckit-input__label-content\">Vor-Nachname*<\/span>\n<\/label>\n<\/span>\n\t\t<\/p>\n\t<\/div>\n\t<div class=\"vc_col-md-6\">\n\t\t<p><span class=\"vckit-input\">\n<span class=\"wpcf7-form-control-wrap\" data-name=\"your-email\"><input size=\"40\" class=\"wpcf7-form-control wpcf7-text wpcf7-email wpcf7-validates-as-required wpcf7-validates-as-email vckit-input__field\" aria-required=\"true\" aria-invalid=\"false\" value=\"\" type=\"email\" name=\"your-email\" \/><\/span>\n<label class=\"vckit-input__label\" for=\"your-email\">\n<span class=\"vckit-input__label-content\">E-Mail-Adresse*<\/span>\n<\/label>\n<\/span>\n\t\t<\/p>\n\t<\/div>\n\t<div class=\"vc_col-md-6\">\n\t\t<p><span class=\"vckit-input\">\n<span class=\"wpcf7-form-control-wrap\" data-name=\"your-tel\"><input size=\"40\" class=\"wpcf7-form-control wpcf7-text wpcf7-tel wpcf7-validates-as-required wpcf7-validates-as-tel vckit-input__field\" aria-required=\"true\" aria-invalid=\"false\" value=\"\" type=\"tel\" name=\"your-tel\" \/><\/span>\n<label class=\"vckit-input__label\" for=\"your-tel\">\n<span class=\"vckit-input__label-content\">Telefonnummer* <\/span>\n<\/label>\n<\/span>\n\t\t<\/p>\n\t<\/div>\n\t<div class=\"vc_col-md-6\">\n\t\t<p><span class=\"vckit-input\">\n<span class=\"wpcf7-form-control-wrap\" data-name=\"your-subject\"><input size=\"40\" class=\"wpcf7-form-control wpcf7-text wpcf7-validates-as-required vckit-input__field\" aria-required=\"true\" aria-invalid=\"false\" value=\"\" type=\"text\" name=\"your-subject\" \/><\/span>\n<label class=\"vckit-input__label\" for=\"your-subject\">\n<span class=\"vckit-input__label-content\">Betreff* <\/span>\n<\/label>\n<\/span>\n\t\t<\/p>\n\t<\/div>\n\t<div class=\"vc_col-md-12\">\n\t\t<p><span class=\"vckit-input\">\n<span class=\"wpcf7-form-control-wrap\" data-name=\"your-message\"><textarea cols=\"40\" rows=\"10\" class=\"wpcf7-form-control wpcf7-textarea\" aria-invalid=\"false\" placeholder=\"Ihre Nachricht an uns\" name=\"your-message\"><\/textarea><\/span>\n<\/span>\n\t\t<\/p>\n\t<\/div>\n\t<div class=\"vc_col-md-12\">\n\t\t<p><span class=\"wpcf7-form-control-wrap\" data-name=\"acceptance-897\"><span class=\"wpcf7-form-control wpcf7-acceptance optional\"><span class=\"wpcf7-list-item\"><input type=\"checkbox\" name=\"acceptance-897\" value=\"1\" aria-invalid=\"false\" \/><\/span><\/span><\/span><a href=\"https:\/\/www.christakranzl.at\/datenschutz\" target=\"_blank\"><u>Datenschutzerkl\u00e4ung<\/u><\/a>, ja ich stimme zu.\n\t\t<\/p>\n\t<span class=\"wpcf7-form-control-wrap recaptcha\" data-name=\"recaptcha\"><span data-sitekey=\"6Lcy6aQUAAAAADTrSm8THrxd6A9pCrZamuEqwpxq\" class=\"wpcf7-form-control g-recaptcha wpcf7-recaptcha\"><\/span>\r\n<noscript>\r\n\t<div class=\"grecaptcha-noscript\">\r\n\t\t<iframe src=\"https:\/\/www.recaptcha.net\/recaptcha\/api\/fallback?k=6Lcy6aQUAAAAADTrSm8THrxd6A9pCrZamuEqwpxq\" frameborder=\"0\" scrolling=\"no\" width=\"310\" height=\"430\">\r\n\t\t<\/iframe>\r\n\t\t<textarea name=\"g-recaptcha-response\" rows=\"3\" cols=\"40\" placeholder=\"reCaptcha Response Here\">\r\n\t\t<\/textarea>\r\n\t<\/div>\r\n<\/noscript>\r\n<\/span>\n\t\t<p><input class=\"wpcf7-form-control has-spinner wpcf7-submit\" type=\"submit\" value=\"Senden\" \/>\n\t\t<\/p>\n\t<\/div>\n<\/div><div class=\"wpcf7-response-output\" aria-hidden=\"true\"><\/div>\n<\/form>\n<\/div>\n<\/div>\n<style type=\"text\/css\" data-type=\"vckit-shortcode-css\" data-shortcode=\"vckit_contact_form7\">.vckit-contact.vckit-contact-basic.vckit_custom_class_95ce5516046879 .vckit-input__field { border-color: #f1ab3d }.vckit-contact.vckit-contact-basic.vckit_custom_class_95ce5516046879 textarea { border-color: #f1ab3d }.vckit-contact.vckit-contact-basic.vckit_custom_class_95ce5516046879 textarea { border-color: #f1ab3d}.vckit-contact.vckit-contact-basic.vckit_custom_class_95ce5516046879 input[type=\"submit\"] { border-color: #f1ab3d }.vckit-contact.vckit-contact-basic.vckit_custom_class_95ce5516046879 .vckit-input--filled .vckit-input__field, .vckit-contact.vckit-contact-basic.vckit_custom_class_95ce5516046879 .vckit-input__field:focus, .vckit-contact.vckit-contact-basic.vckit_custom_class_95ce5516046879 textarea.vckit-textarea--filled, .vckit-contact.vckit-contact-basic.vckit_custom_class_95ce5516046879 textarea:focus { border-color: #333333 }.vckit-contact.vckit-contact-basic.vckit_custom_class_95ce5516046879 input[type=\"submit\"]:hover { border-color: #333333 }.vckit-contact.vckit-contact-basic.vckit_custom_class_95ce5516046879 input[type=\"submit\"]:hover { color: #333333 }.vckit-contact.vckit-contact-basic.vckit_custom_class_95ce5516046879 .vckit-input__label, .vckit-contact.vckit-contact-basic.vckit_custom_class_95ce5516046879 .vckit-input__label-content, .vckit-contact.vckit-contact-basic.vckit_custom_class_95ce5516046879 textarea::-webkit-input-placeholder { color: #f1ab3d }.vckit-contact.vckit-contact-basic.vckit_custom_class_95ce5516046879 input[type=\"submit\"] { color: #f1ab3d }.vckit-contact.vckit-contact-basic.vckit_custom_class_95ce5516046879 .vckit-input__field, .vckit-contact.vckit-contact-basic.vckit_custom_class_95ce5516046879 textarea  { color: #333333 }<\/style><\/div>\n\t\t<\/div>\n\t<\/div>\n<\/div><\/div><\/div><div class=\"edgtf-vss-ms-section\" data-header-style=\"dark\" style=\"background-image: url(https:\/\/www.christakranzl.at\/kmu\/wp-content\/uploads\/2019\/04\/WF183783.jpg);text-align: left\">\n\t<\/div><\/div><div class=\"edgtf-vss-horizontal-mask\"><\/div><div class=\"edgtf-vss-vertical-mask\"><\/div><\/div>[\/vc_column][\/vc_row]<\/p>\n","protected":false},"excerpt":{"rendered":"<p>[vc_row css=&#8220;.vc_custom_1522160625899{margin-top: 0px !important;padding-top: 0px !important;}&#8220;][vc_column][\/vc_column][\/vc_row]<\/p>\n","protected":false},"author":1,"featured_media":0,"parent":0,"menu_order":0,"comment_status":"closed","ping_status":"closed","template":"full-width.php","meta":[],"yoast_head":"<!-- This site is optimized with the Yoast SEO plugin v20.6 - https:\/\/yoast.com\/wordpress\/plugins\/seo\/ -->\n<title>KMU Chefseminare - Christa Kranzl - KMU Chefseminare<\/title>\n<meta name=\"robots\" content=\"index, follow, max-snippet:-1, max-image-preview:large, max-video-preview:-1\" \/>\n<link rel=\"canonical\" href=\"https:\/\/www.christakranzl.at\/kmu\/\" \/>\n<meta property=\"og:locale\" content=\"de_DE\" \/>\n<meta property=\"og:type\" content=\"article\" \/>\n<meta property=\"og:title\" content=\"KMU Chefseminare - Christa Kranzl - KMU Chefseminare\" \/>\n<meta property=\"og:description\" content=\"[vc_row css=&#8220;.vc_custom_1522160625899{margin-top: 0px !important;padding-top: 0px !important;}&#8220;][vc_column][\/vc_column][\/vc_row]\" \/>\n<meta property=\"og:url\" content=\"https:\/\/www.christakranzl.at\/kmu\/\" \/>\n<meta property=\"og:site_name\" content=\"KMU Chefseminare\" \/>\n<meta property=\"article:modified_time\" content=\"2021-08-16T13:31:48+00:00\" \/>\n<meta name=\"twitter:card\" content=\"summary_large_image\" \/>\n<meta name=\"twitter:label1\" content=\"Gesch\u00e4tzte Lesezeit\" \/>\n\t<meta name=\"twitter:data1\" content=\"2\u00a0Minuten\" \/>\n<script type=\"application\/ld+json\" class=\"yoast-schema-graph\">{\"@context\":\"https:\/\/schema.org\",\"@graph\":[{\"@type\":\"WebPage\",\"@id\":\"https:\/\/www.christakranzl.at\/kmu\/\",\"url\":\"https:\/\/www.christakranzl.at\/kmu\/\",\"name\":\"KMU Chefseminare - Christa Kranzl - KMU Chefseminare\",\"isPartOf\":{\"@id\":\"https:\/\/www.christakranzl.at\/kmu\/#website\"},\"datePublished\":\"2018-03-27T14:09:56+00:00\",\"dateModified\":\"2021-08-16T13:31:48+00:00\",\"breadcrumb\":{\"@id\":\"https:\/\/www.christakranzl.at\/kmu\/#breadcrumb\"},\"inLanguage\":\"de\",\"potentialAction\":[{\"@type\":\"ReadAction\",\"target\":[\"https:\/\/www.christakranzl.at\/kmu\/\"]}]},{\"@type\":\"BreadcrumbList\",\"@id\":\"https:\/\/www.christakranzl.at\/kmu\/#breadcrumb\",\"itemListElement\":[{\"@type\":\"ListItem\",\"position\":1,\"name\":\"Startseite\",\"item\":\"https:\/\/www.christakranzl.at\/kmu\/\"},{\"@type\":\"ListItem\",\"position\":2,\"name\":\"KMU Chefseminare &#8211; Christa Kranzl\"}]},{\"@type\":\"WebSite\",\"@id\":\"https:\/\/www.christakranzl.at\/kmu\/#website\",\"url\":\"https:\/\/www.christakranzl.at\/kmu\/\",\"name\":\"KMU Chefseminare\",\"description\":\"Dr. Christa Kranzl, MBA CSE\",\"potentialAction\":[{\"@type\":\"SearchAction\",\"target\":{\"@type\":\"EntryPoint\",\"urlTemplate\":\"https:\/\/www.christakranzl.at\/kmu\/?s={search_term_string}\"},\"query-input\":\"required name=search_term_string\"}],\"inLanguage\":\"de\"}]}<\/script>\n<!-- \/ Yoast SEO plugin. -->","yoast_head_json":{"title":"KMU Chefseminare - Christa Kranzl - KMU Chefseminare","robots":{"index":"index","follow":"follow","max-snippet":"max-snippet:-1","max-image-preview":"max-image-preview:large","max-video-preview":"max-video-preview:-1"},"canonical":"https:\/\/www.christakranzl.at\/kmu\/","og_locale":"de_DE","og_type":"article","og_title":"KMU Chefseminare - Christa Kranzl - KMU Chefseminare","og_description":"[vc_row css=&#8220;.vc_custom_1522160625899{margin-top: 0px !important;padding-top: 0px !important;}&#8220;][vc_column][\/vc_column][\/vc_row]","og_url":"https:\/\/www.christakranzl.at\/kmu\/","og_site_name":"KMU Chefseminare","article_modified_time":"2021-08-16T13:31:48+00:00","twitter_card":"summary_large_image","twitter_misc":{"Gesch\u00e4tzte Lesezeit":"2\u00a0Minuten"},"schema":{"@context":"https:\/\/schema.org","@graph":[{"@type":"WebPage","@id":"https:\/\/www.christakranzl.at\/kmu\/","url":"https:\/\/www.christakranzl.at\/kmu\/","name":"KMU Chefseminare - Christa Kranzl - KMU Chefseminare","isPartOf":{"@id":"https:\/\/www.christakranzl.at\/kmu\/#website"},"datePublished":"2018-03-27T14:09:56+00:00","dateModified":"2021-08-16T13:31:48+00:00","breadcrumb":{"@id":"https:\/\/www.christakranzl.at\/kmu\/#breadcrumb"},"inLanguage":"de","potentialAction":[{"@type":"ReadAction","target":["https:\/\/www.christakranzl.at\/kmu\/"]}]},{"@type":"BreadcrumbList","@id":"https:\/\/www.christakranzl.at\/kmu\/#breadcrumb","itemListElement":[{"@type":"ListItem","position":1,"name":"Startseite","item":"https:\/\/www.christakranzl.at\/kmu\/"},{"@type":"ListItem","position":2,"name":"KMU Chefseminare &#8211; Christa Kranzl"}]},{"@type":"WebSite","@id":"https:\/\/www.christakranzl.at\/kmu\/#website","url":"https:\/\/www.christakranzl.at\/kmu\/","name":"KMU Chefseminare","description":"Dr. Christa Kranzl, MBA CSE","potentialAction":[{"@type":"SearchAction","target":{"@type":"EntryPoint","urlTemplate":"https:\/\/www.christakranzl.at\/kmu\/?s={search_term_string}"},"query-input":"required name=search_term_string"}],"inLanguage":"de"}]}},"_links":{"self":[{"href":"https:\/\/www.christakranzl.at\/kmu\/wp-json\/wp\/v2\/pages\/579"}],"collection":[{"href":"https:\/\/www.christakranzl.at\/kmu\/wp-json\/wp\/v2\/pages"}],"about":[{"href":"https:\/\/www.christakranzl.at\/kmu\/wp-json\/wp\/v2\/types\/page"}],"author":[{"embeddable":true,"href":"https:\/\/www.christakranzl.at\/kmu\/wp-json\/wp\/v2\/users\/1"}],"replies":[{"embeddable":true,"href":"https:\/\/www.christakranzl.at\/kmu\/wp-json\/wp\/v2\/comments?post=579"}],"version-history":[{"count":69,"href":"https:\/\/www.christakranzl.at\/kmu\/wp-json\/wp\/v2\/pages\/579\/revisions"}],"predecessor-version":[{"id":3000,"href":"https:\/\/www.christakranzl.at\/kmu\/wp-json\/wp\/v2\/pages\/579\/revisions\/3000"}],"wp:attachment":[{"href":"https:\/\/www.christakranzl.at\/kmu\/wp-json\/wp\/v2\/media?parent=579"}],"curies":[{"name":"wp","href":"https:\/\/api.w.org\/{rel}","templated":true}]}}